{"id":8241,"date":"2022-04-15T23:12:41","date_gmt":"2022-04-15T23:12:41","guid":{"rendered":"https:\/\/cgt7anelqa.wpdns.site\/?page_id=3"},"modified":"2023-09-18T14:27:38","modified_gmt":"2023-09-18T14:27:38","slug":"politica-de-privacidade","status":"publish","type":"page","link":"https:\/\/clickshopbrasil.com\/en\/politica-de-privacidade\/","title":{"rendered":"Privacy Policy"},"content":{"rendered":"<p>Last updated: August 22, 2023<\/p>\n\n\n\n<p>This Privacy Policy describes how your personal information is collected, used, and shared when you visit the clickshopbrasil.com website (referred to in this document as &quot;the Site&quot; or &quot;Click Shop Brasil&quot;).<\/p>\n\n\n\n<h3 class=\"wp-block-heading\">1. Information we collect<\/h3>\n\n\n\n<p><strong>Device information:<\/strong> When you visit Click Shop Brazil, we automatically collect certain information about the device you are using, including information about your browser, IP address, time zone, and some of the cookies that are installed on your device. Additionally, as you browse the Site, we collect information about the individual web pages or products you view, what websites or search terms referred you to the Site, and information about how you interact with the Site.<\/p>\n\n\n\n<h3 class=\"wp-block-heading\">2. How we use your information<\/h3>\n\n\n\n<p>We use the device information we collect to help us track potential risks and fraud (in particular, your IP address) and, more generally, to improve and optimize our Site.<\/p>\n\n\n\n<h3 class=\"wp-block-heading\">3. Amazon Affiliate Program<\/h3>\n\n\n\n<p>Click Shop Brasil is a participant in the Amazon Affiliate Program. We do not process orders or receive payments. If you click on an affiliate link on our website, you will be redirected to Amazon, where you can complete your purchase. This means that when you click on an affiliate link and purchase the item, we will receive a commission from Amazon.<\/p>\n\n\n\n<h3 class=\"wp-block-heading\">4. Google AdSense<\/h3>\n\n\n\n<p>Click Shop Brasil uses Google AdSense to display ads on our website. Google AdSense may use information about visitors to personalize ads. We do not use what you say in a survey, email addresses, or other personal information to display ads.<\/p>\n\n\n\n<h3 class=\"wp-block-heading\">5. Cookies and Tracking<\/h3>\n\n\n\n<p><strong>Required Cookies:<\/strong> These cookies are essential for the website to function correctly. They ensure basic functions and security features of the site.<\/p>\n\n\n\n<p><strong>Performance Cookies:<\/strong> These cookies collect information about how you interact with our website. They help us understand which pages are the most and least popular and see how visitors move around the site.<\/p>\n\n\n\n<p><strong>Third-party cookies:<\/strong> Some cookies on our website are placed by third parties, such as Google. These cookies may be used to track how you use the website or to target any advertising that may be displayed to you on other websites.<\/p>\n\n\n\n<h3 class=\"wp-block-heading\">6. Opt-out and Cookie Preferences<\/h3>\n\n\n\n<p>You can choose not to accept the use of cookies by our website by changing your browser settings. Additionally, if you wish to opt out of having your browsing activity on the site available to Google AdSense, you can install the... <a href=\"https:\/\/tools.google.com\/dlpage\/gaoptout\" target=\"_blank\" rel=\"noopener\">Google Analytics Opt-out Browser Add-on<\/a> for your browser.<\/p>\n\n\n\n<p>We also provide tools on the website to adjust your cookie settings to your preference.<\/p>\n\n\n\n<h3 class=\"wp-block-heading\">7. Information sharing<\/h3>\n\n\n\n<p>We do not sell, trade, or otherwise transfer your personal information to third parties without your permission.<\/p>\n\n\n\n<h3 class=\"wp-block-heading\">8. Your rights<\/h3>\n\n\n\n<p>If you are a European resident, you have the right to access the personal information we hold about you and to ask that your personal information be corrected, updated, or deleted.<\/p>\n\n\n\n<h3 class=\"wp-block-heading\">9. Data retention and deletion<\/h3>\n\n\n\n<p>We retain visitor information, such as device details, for our records. However, this data is automatically deleted after 30 days of inactivity. If you would like your information deleted before this period, please contact us.<\/p>\n\n\n\n<h3 class=\"wp-block-heading\">10. Changes to this privacy policy<\/h3>\n\n\n\n<p>We may update this privacy policy periodically to reflect, for example, changes in our practices or for other operational, legal, or regulatory reasons.<\/p>\n\n\n\n<h3 class=\"wp-block-heading\">11. Contact us<\/h3>\n\n\n\n<p>For more information about our privacy practices, if you have questions or would like to make a complaint, please contact us by email at [<a href=\"mailto:email@clickshopbrasil.com\">email@clickshopbrasil.com<\/a>or through the contact form on our website.<\/p>\n\n\n\n<p>Thank you for visiting Click Shop Brazil. Your privacy is extremely important to us and we are committed to protecting your information. Please visit this policy regularly to stay informed about updates.<\/p>","protected":false},"excerpt":{"rendered":"<p>\u00daltima atualiza\u00e7\u00e3o: 22 de agosto de 2023 Esta Pol\u00edtica de Privacidade descreve como suas informa\u00e7\u00f5es pessoais s\u00e3o coletadas, usadas e compartilhadas quando voc\u00ea visita o site clickshopbrasil.com (referido neste documento como \u201co Site\u201d ou \u201cClick Shop Brasil\u201d). 1. Informa\u00e7\u00f5es que coletamos Informa\u00e7\u00f5es de dispositivos: Quando voc\u00ea visita o Click Shop Brasil, automaticamente coletamos certas informa\u00e7\u00f5es [&hellip;]<\/p>","protected":false},"author":2,"featured_media":0,"parent":0,"menu_order":0,"comment_status":"closed","ping_status":"open","template":"","meta":{"footnotes":""},"class_list":["post-8241","page","type-page","status-publish","hentry"],"blocksy_meta":[],"_links":{"self":[{"href":"https:\/\/clickshopbrasil.com\/en\/wp-json\/wp\/v2\/pages\/8241","targetHints":{"allow":["GET"]}}],"collection":[{"href":"https:\/\/clickshopbrasil.com\/en\/wp-json\/wp\/v2\/pages"}],"about":[{"href":"https:\/\/clickshopbrasil.com\/en\/wp-json\/wp\/v2\/types\/page"}],"author":[{"embeddable":true,"href":"https:\/\/clickshopbrasil.com\/en\/wp-json\/wp\/v2\/users\/2"}],"replies":[{"embeddable":true,"href":"https:\/\/clickshopbrasil.com\/en\/wp-json\/wp\/v2\/comments?post=8241"}],"version-history":[{"count":1,"href":"https:\/\/clickshopbrasil.com\/en\/wp-json\/wp\/v2\/pages\/8241\/revisions"}],"predecessor-version":[{"id":8578,"href":"https:\/\/clickshopbrasil.com\/en\/wp-json\/wp\/v2\/pages\/8241\/revisions\/8578"}],"wp:attachment":[{"href":"https:\/\/clickshopbrasil.com\/en\/wp-json\/wp\/v2\/media?parent=8241"}],"curies":[{"name":"wp","href":"https:\/\/api.w.org\/{rel}","templated":true}]}}