{"id":7423,"date":"2022-04-22T17:27:01","date_gmt":"2022-04-22T17:27:01","guid":{"rendered":"https:\/\/cgt7anelqa.wpdns.site\/?page_id=7423"},"modified":"2023-09-18T14:27:38","modified_gmt":"2023-09-18T14:27:38","slug":"sobre-nos","status":"publish","type":"page","link":"https:\/\/clickshopbrasil.com\/es\/sobre-nos\/","title":{"rendered":"Sobre nosotros"},"content":{"rendered":"<p>Bienvenido a Click Shop Brasil, tu fuente confiable de rese\u00f1as de productos de Amazon. Fundada en 2022, nuestra misi\u00f3n es ayudar a los consumidores a tomar decisiones de compra informadas. Con el enorme mercado en l\u00ednea actual, sabemos lo dif\u00edcil que puede ser encontrar el producto ideal para tus necesidades. Ah\u00ed es donde entramos nosotros.<\/p>\n\n\n\n<h2 class=\"wp-block-heading\"><strong>Nuestra historia<\/strong><\/h2>\n\n\n\n<p>Click Shop Brasil naci\u00f3 de la visi\u00f3n de Pedro Vieira, un entusiasta del marketing digital. Pedro siempre crey\u00f3 en el poder de las compras en l\u00ednea, pero tambi\u00e9n se dio cuenta de que muchos consumidores se sent\u00edan perdidos entre la infinidad de opciones. Con un ojo atento para las oportunidades, vio un espacio para crear un sitio web que ofreciera rese\u00f1as genuinas y valiosas, con el objetivo principal de ofrecer productos que realmente pudieran transformar la vida diaria de las personas.<\/p>\n\n\n\n<p>Bajo su gu\u00eda y pasi\u00f3n, Click Shop Brasil evolucion\u00f3 r\u00e1pidamente, convirti\u00e9ndose en una fuente confiable para miles de lectores que buscan claridad y honestidad en sus decisiones de compra.<\/p>\n\n\n\n<h2 class=\"wp-block-heading\"><strong>Lo que hacemos<\/strong><\/h2>\n\n\n\n<p>En Click Shop Brasil, nos dedicamos a probar y rese\u00f1ar una amplia gama de productos disponibles en Amazon. Desde electr\u00f3nica hasta menaje de cocina, moda y juguetes, nuestro equipo trabaja incansablemente para brindar informaci\u00f3n detallada y recomendaciones confiables.<\/p>\n\n\n\n<p>A lo largo de nuestra trayectoria, hemos formado alianzas como afiliados de Amazon, lo que nos permite mantener el sitio web en funcionamiento. Sin embargo, esta alianza nunca influye en nuestras rese\u00f1as. La integridad y la confianza son la base de nuestra labor.<\/p>\n\n\n\n<h2 class=\"wp-block-heading\"><strong>\u00bfPor qu\u00e9 confiar en nosotros?<\/strong><\/h2>\n\n\n\n<ul class=\"wp-block-list\">\n<li><strong>Imparcialidad:<\/strong> Las opiniones expresadas aqu\u00ed son exclusivamente nuestras. Nunca aceptamos pagos por rese\u00f1ar un producto favorablemente.<\/li>\n\n\n\n<li><strong>Experiencia:<\/strong> Con a\u00f1os de experiencia en compras en l\u00ednea y revisi\u00f3n de productos, nuestro equipo posee un profundo conocimiento del mercado y las tendencias actuales.<\/li>\n\n\n\n<li><strong>Dedicaci\u00f3n:<\/strong> Nuestra pasi\u00f3n es servir a nuestros lectores. Siempre buscamos mejorar y ampliar nuestra oferta para satisfacer las necesidades cambiantes de los consumidores.<\/li>\n<\/ul>\n\n\n\n<h2 class=\"wp-block-heading\"><strong>Cont\u00e1ctenos<\/strong><\/h2>\n\n\n\n<p>Su opini\u00f3n es fundamental para nosotros. Si tiene comentarios, preguntas o desea sugerir un producto para su revisi\u00f3n, no dude en contactarnos a trav\u00e9s de [informaci\u00f3n de contacto aqu\u00ed]. <a href=\"https:\/\/chat.openai.com\/#\" target=\"_blank\" rel=\"noopener\">formulario de contacto<\/a> o por correo electr\u00f3nico [<a href=\"mailto:email@clickshopbrasil.com\">correo electr\u00f3nico@clickshopbrasil.com<\/a>].<\/p>","protected":false},"excerpt":{"rendered":"<p>Bem-vindo ao Click Shop Brasil, sua fonte confi\u00e1vel para revis\u00f5es de produtos da Amazon. Fundado em 2022, nossa miss\u00e3o \u00e9 ajudar os consumidores a tomar decis\u00f5es de compra informadas. Com o vasto mercado online atual, sabemos como pode ser desafiador encontrar o produto certo para suas necessidades. \u00c9 a\u00ed que entramos. Nossa Hist\u00f3ria O Click [&hellip;]<\/p>","protected":false},"author":2,"featured_media":0,"parent":0,"menu_order":0,"comment_status":"closed","ping_status":"closed","template":"","meta":{"footnotes":""},"class_list":["post-7423","page","type-page","status-publish","hentry"],"blocksy_meta":[],"_links":{"self":[{"href":"https:\/\/clickshopbrasil.com\/es\/wp-json\/wp\/v2\/pages\/7423","targetHints":{"allow":["GET"]}}],"collection":[{"href":"https:\/\/clickshopbrasil.com\/es\/wp-json\/wp\/v2\/pages"}],"about":[{"href":"https:\/\/clickshopbrasil.com\/es\/wp-json\/wp\/v2\/types\/page"}],"author":[{"embeddable":true,"href":"https:\/\/clickshopbrasil.com\/es\/wp-json\/wp\/v2\/users\/2"}],"replies":[{"embeddable":true,"href":"https:\/\/clickshopbrasil.com\/es\/wp-json\/wp\/v2\/comments?post=7423"}],"version-history":[{"count":1,"href":"https:\/\/clickshopbrasil.com\/es\/wp-json\/wp\/v2\/pages\/7423\/revisions"}],"predecessor-version":[{"id":8576,"href":"https:\/\/clickshopbrasil.com\/es\/wp-json\/wp\/v2\/pages\/7423\/revisions\/8576"}],"wp:attachment":[{"href":"https:\/\/clickshopbrasil.com\/es\/wp-json\/wp\/v2\/media?parent=7423"}],"curies":[{"name":"wp","href":"https:\/\/api.w.org\/{rel}","templated":true}]}}