{"id":7728,"date":"2022-12-01T19:25:28","date_gmt":"2022-12-01T22:25:28","guid":{"rendered":"https:\/\/cgt7anelqa.wpdns.site\/?page_id=7728"},"modified":"2023-09-18T14:27:38","modified_gmt":"2023-09-18T14:27:38","slug":"termos-de-servico","status":"publish","type":"page","link":"https:\/\/clickshopbrasil.com\/es\/termos-de-servico\/","title":{"rendered":"Condiciones de servicio"},"content":{"rendered":"<p>\u00daltima actualizaci\u00f3n: 22 de agosto de 2023<\/p>\n\n\n\n<p>Bienvenido a Click Shop Brasil. Gracias por elegir nuestro sitio para obtener rese\u00f1as de productos de Amazon. Al usar clickshopbrasil.com (el &quot;Sitio&quot; o &quot;Click Shop Brasil&quot;), acepta las siguientes Condiciones de Servicio.<\/p>\n\n\n\n<h3 class=\"wp-block-heading\">1. Aceptaci\u00f3n de los T\u00e9rminos<\/h3>\n\n\n\n<p>Al acceder y utilizar nuestro sitio web, usted acepta y se compromete a cumplir con estos T\u00e9rminos de Servicio y nuestra Pol\u00edtica de Privacidad. Si no acepta estos T\u00e9rminos o nuestra Pol\u00edtica de Privacidad, no debe acceder ni utilizar el Sitio.<\/p>\n\n\n\n<h3 class=\"wp-block-heading\">2. Uso del Sitio<\/h3>\n\n\n\n<p>Click Shop Brasil ofrece informaci\u00f3n y rese\u00f1as de productos disponibles en Amazon. No vendemos productos directamente ni procesamos pedidos ni pagos. Si hace clic en un enlace de afiliado en nuestro sitio web, ser\u00e1 redirigido a Amazon.<\/p>\n\n\n\n<h3 class=\"wp-block-heading\">3. Enlaces de afiliados<\/h3>\n\n\n\n<p>Como participante del Programa de Afiliados de Amazon, ganamos comisiones por las compras que cumplen los requisitos. Esto significa que, al hacer clic en un enlace de afiliado y comprar el art\u00edculo, recibimos una comisi\u00f3n de Amazon, pero esta no afecta el precio que pagas.<\/p>\n\n\n\n<h3 class=\"wp-block-heading\">4. Anuncios<\/h3>\n\n\n\n<p>Trabajamos con Google AdSense para mostrar anuncios en nuestro sitio web. Los anuncios son administrados y proporcionados por terceros, y Click Shop Brasil no se responsabiliza del contenido de los anuncios ni de los productos y servicios promocionados.<\/p>\n\n\n\n<h3 class=\"wp-block-heading\">5. Cookies y seguimiento<\/h3>\n\n\n\n<p>Utilizamos cookies para mejorar la experiencia del usuario y con fines de seguimiento, como se detalla en nuestra Pol\u00edtica de Privacidad. Al continuar utilizando nuestro sitio web, acepta el uso de estas cookies.<\/p>\n\n\n\n<h3 class=\"wp-block-heading\">6. Limitaci\u00f3n de responsabilidad<\/h3>\n\n\n\n<p>Click Shop Brasil no se responsabiliza de ninguna decisi\u00f3n de compra ni de ning\u00fan da\u00f1o o p\u00e9rdida derivada del uso del sitio o del contenido que se presenta en \u00e9l. Siempre recomendamos investigar por su cuenta y consultar fuentes adicionales antes de tomar una decisi\u00f3n de compra.<\/p>\n\n\n\n<h3 class=\"wp-block-heading\">7. Cambios en los T\u00e9rminos de Servicio<\/h3>\n\n\n\n<p>Podemos revisar y actualizar estos T\u00e9rminos de Servicio ocasionalmente. Cada vez que realicemos cambios, actualizaremos la fecha de &quot;\u00daltima actualizaci\u00f3n&quot; en la parte superior de esta p\u00e1gina. Su uso continuado del Sitio despu\u00e9s de dichos cambios constituir\u00e1 su aceptaci\u00f3n de los nuevos T\u00e9rminos de Servicio.<\/p>\n\n\n\n<h3 class=\"wp-block-heading\">8. Contacto<\/h3>\n\n\n\n<p>Para preguntas relacionadas con estos T\u00e9rminos de Servicio o el Sitio, cont\u00e1ctenos por correo electr\u00f3nico a [<a href=\"mailto:email@clickshopbrasil.com\">correo electr\u00f3nico@clickshopbrasil.com<\/a>o a trav\u00e9s del formulario de contacto de nuestra web.<\/p>\n\n\n\n<p>Al usar Click Shop Brasil, usted reconoce haber le\u00eddo, comprendido y aceptado estos T\u00e9rminos de Servicio. Si no los acepta, deber\u00e1 dejar de usar el sitio inmediatamente.<\/p>\n\n\n\n<p>\u00a1Gracias por elegir Click Shop Brasil y esperamos que la informaci\u00f3n le resulte \u00fatil en su proceso de compras!<\/p>","protected":false},"excerpt":{"rendered":"<p>\u00daltima atualiza\u00e7\u00e3o: 22 de agosto de 2023 Bem-vindo ao Click Shop Brasil. Agradecemos por escolher nosso site para obter revis\u00f5es de produtos da Amazon. Ao utilizar o clickshopbrasil.com (&#8220;Site&#8221; ou &#8220;Click Shop Brasil&#8221;), voc\u00ea concorda com os seguintes Termos de Servi\u00e7o. 1. Aceita\u00e7\u00e3o dos Termos Ao acessar e usar nosso site, voc\u00ea aceita e concorda [&hellip;]<\/p>","protected":false},"author":2,"featured_media":0,"parent":0,"menu_order":0,"comment_status":"closed","ping_status":"closed","template":"","meta":{"footnotes":""},"class_list":["post-7728","page","type-page","status-publish","hentry"],"blocksy_meta":[],"_links":{"self":[{"href":"https:\/\/clickshopbrasil.com\/es\/wp-json\/wp\/v2\/pages\/7728","targetHints":{"allow":["GET"]}}],"collection":[{"href":"https:\/\/clickshopbrasil.com\/es\/wp-json\/wp\/v2\/pages"}],"about":[{"href":"https:\/\/clickshopbrasil.com\/es\/wp-json\/wp\/v2\/types\/page"}],"author":[{"embeddable":true,"href":"https:\/\/clickshopbrasil.com\/es\/wp-json\/wp\/v2\/users\/2"}],"replies":[{"embeddable":true,"href":"https:\/\/clickshopbrasil.com\/es\/wp-json\/wp\/v2\/comments?post=7728"}],"version-history":[{"count":1,"href":"https:\/\/clickshopbrasil.com\/es\/wp-json\/wp\/v2\/pages\/7728\/revisions"}],"predecessor-version":[{"id":8575,"href":"https:\/\/clickshopbrasil.com\/es\/wp-json\/wp\/v2\/pages\/7728\/revisions\/8575"}],"wp:attachment":[{"href":"https:\/\/clickshopbrasil.com\/es\/wp-json\/wp\/v2\/media?parent=7728"}],"curies":[{"name":"wp","href":"https:\/\/api.w.org\/{rel}","templated":true}]}}