{"id":8241,"date":"2022-04-15T23:12:41","date_gmt":"2022-04-15T23:12:41","guid":{"rendered":"https:\/\/cgt7anelqa.wpdns.site\/?page_id=3"},"modified":"2023-09-18T14:27:38","modified_gmt":"2023-09-18T14:27:38","slug":"politica-de-privacidade","status":"publish","type":"page","link":"https:\/\/clickshopbrasil.com\/es\/politica-de-privacidade\/","title":{"rendered":"pol\u00edtica de privacidad"},"content":{"rendered":"<p>\u00daltima actualizaci\u00f3n: 22 de agosto de 2023<\/p>\n\n\n\n<p>Esta Pol\u00edtica de Privacidad describe c\u00f3mo se recopila, utiliza y comparte su informaci\u00f3n personal cuando visita el sitio web clickshopbrasil.com (en este documento denominado &quot;el Sitio&quot; o &quot;Click Shop Brasil&quot;).<\/p>\n\n\n\n<h3 class=\"wp-block-heading\">1. Informaci\u00f3n que recopilamos<\/h3>\n\n\n\n<p><strong>Informaci\u00f3n del dispositivo:<\/strong> Cuando visita Click Shop Brasil, recopilamos autom\u00e1ticamente cierta informaci\u00f3n sobre el dispositivo que utiliza, incluyendo informaci\u00f3n sobre su navegador, direcci\u00f3n IP, zona horaria y algunas cookies instaladas en su dispositivo. Adem\u00e1s, mientras navega por el Sitio, recopilamos informaci\u00f3n sobre las p\u00e1ginas web o productos que visita, los sitios web o t\u00e9rminos de b\u00fasqueda que lo redireccionaron al Sitio e informaci\u00f3n sobre c\u00f3mo interact\u00faa con \u00e9l.<\/p>\n\n\n\n<h3 class=\"wp-block-heading\">2. C\u00f3mo usamos su informaci\u00f3n<\/h3>\n\n\n\n<p>Utilizamos la informaci\u00f3n del dispositivo que recopilamos para ayudarnos a rastrear posibles riesgos y fraudes (en particular, su direcci\u00f3n IP) y, de manera m\u00e1s general, para mejorar y optimizar nuestro Sitio.<\/p>\n\n\n\n<h3 class=\"wp-block-heading\">3. Programa de afiliados de Amazon<\/h3>\n\n\n\n<p>Click Shop Brasil participa en el Programa de Afiliados de Amazon. No procesamos pedidos ni recibimos pagos. Si hace clic en un enlace de afiliado en nuestro sitio web, ser\u00e1 redirigido a Amazon, donde podr\u00e1 completar su compra. Esto significa que, al hacer clic en un enlace de afiliado y comprar el art\u00edculo, recibiremos una comisi\u00f3n de Amazon.<\/p>\n\n\n\n<h3 class=\"wp-block-heading\">4. Google AdSense<\/h3>\n\n\n\n<p>Click Shop Brasil utiliza Google AdSense para mostrar anuncios en nuestro sitio web. Google AdSense puede usar informaci\u00f3n sobre los visitantes para personalizar los anuncios. No utilizamos lo que usted dice en una encuesta, direcciones de correo electr\u00f3nico ni otra informaci\u00f3n personal para mostrar anuncios.<\/p>\n\n\n\n<h3 class=\"wp-block-heading\">5. Cookies y seguimiento<\/h3>\n\n\n\n<p><strong>Cookies requeridas:<\/strong> Estas cookies son esenciales para el correcto funcionamiento del sitio web. Garantizan las funciones b\u00e1sicas y las caracter\u00edsticas de seguridad del sitio.<\/p>\n\n\n\n<p><strong>Cookies de rendimiento:<\/strong> Estas cookies recopilan informaci\u00f3n sobre c\u00f3mo interact\u00faas con nuestro sitio web. Nos ayudan a comprender qu\u00e9 p\u00e1ginas son las m\u00e1s y las menos populares, y a ver c\u00f3mo navegan los visitantes por el sitio.<\/p>\n\n\n\n<p><strong>Cookies de terceros:<\/strong> Algunas cookies de nuestro sitio web son instaladas por terceros, como Google. Estas cookies pueden utilizarse para rastrear c\u00f3mo utiliza el sitio web o para personalizar la publicidad que se le muestre en otros sitios web.<\/p>\n\n\n\n<h3 class=\"wp-block-heading\">6. Exclusi\u00f3n voluntaria y preferencias de cookies<\/h3>\n\n\n\n<p>Puede optar por no aceptar el uso de cookies en nuestro sitio web modificando la configuraci\u00f3n de su navegador. Adem\u00e1s, si desea que su actividad de navegaci\u00f3n en el sitio no est\u00e9 disponible para Google AdSense, puede instalar... <a href=\"https:\/\/tools.google.com\/dlpage\/gaoptout\" target=\"_blank\" rel=\"noopener\">Complemento de inhabilitaci\u00f3n para navegadores de Google Analytics<\/a> para su navegador.<\/p>\n\n\n\n<p>Tambi\u00e9n proporcionamos herramientas en el sitio web para ajustar su configuraci\u00f3n de cookies seg\u00fan sus preferencias.<\/p>\n\n\n\n<h3 class=\"wp-block-heading\">7. Intercambio de informaci\u00f3n<\/h3>\n\n\n\n<p>No vendemos, intercambiamos ni transferimos de ning\u00fan modo su informaci\u00f3n personal a terceros sin su permiso.<\/p>\n\n\n\n<h3 class=\"wp-block-heading\">8. Sus derechos<\/h3>\n\n\n\n<p>Si usted es un residente europeo, tiene derecho a acceder a la informaci\u00f3n personal que tenemos sobre usted y a solicitar que su informaci\u00f3n personal se corrija, actualice o elimine.<\/p>\n\n\n\n<h3 class=\"wp-block-heading\">9. Conservaci\u00f3n y eliminaci\u00f3n de datos<\/h3>\n\n\n\n<p>Conservamos la informaci\u00f3n de los visitantes, como los datos del dispositivo, para nuestros registros. Sin embargo, estos datos se eliminan autom\u00e1ticamente despu\u00e9s de 30 d\u00edas de inactividad. Si desea que eliminemos su informaci\u00f3n antes de este periodo, p\u00f3ngase en contacto con nosotros.<\/p>\n\n\n\n<h3 class=\"wp-block-heading\">10. Cambios en esta pol\u00edtica de privacidad<\/h3>\n\n\n\n<p>Podemos actualizar esta pol\u00edtica de privacidad peri\u00f3dicamente para reflejar, por ejemplo, cambios en nuestras pr\u00e1cticas o por otras razones operativas, legales o regulatorias.<\/p>\n\n\n\n<h3 class=\"wp-block-heading\">11. Cont\u00e1ctenos<\/h3>\n\n\n\n<p>Para obtener m\u00e1s informaci\u00f3n sobre nuestras pr\u00e1cticas de privacidad, si tiene preguntas o desea presentar una queja, cont\u00e1ctenos por correo electr\u00f3nico a [<a href=\"mailto:email@clickshopbrasil.com\">correo electr\u00f3nico@clickshopbrasil.com<\/a>o a trav\u00e9s del formulario de contacto de nuestra web.<\/p>\n\n\n\n<p>Gracias por visitar Click Shop Brasil. Su privacidad es fundamental para nosotros y nos comprometemos a proteger su informaci\u00f3n. Consulte esta pol\u00edtica peri\u00f3dicamente para mantenerse al tanto de las actualizaciones.<\/p>","protected":false},"excerpt":{"rendered":"<p>\u00daltima atualiza\u00e7\u00e3o: 22 de agosto de 2023 Esta Pol\u00edtica de Privacidade descreve como suas informa\u00e7\u00f5es pessoais s\u00e3o coletadas, usadas e compartilhadas quando voc\u00ea visita o site clickshopbrasil.com (referido neste documento como \u201co Site\u201d ou \u201cClick Shop Brasil\u201d). 1. Informa\u00e7\u00f5es que coletamos Informa\u00e7\u00f5es de dispositivos: Quando voc\u00ea visita o Click Shop Brasil, automaticamente coletamos certas informa\u00e7\u00f5es [&hellip;]<\/p>","protected":false},"author":2,"featured_media":0,"parent":0,"menu_order":0,"comment_status":"closed","ping_status":"open","template":"","meta":{"footnotes":""},"class_list":["post-8241","page","type-page","status-publish","hentry"],"blocksy_meta":[],"_links":{"self":[{"href":"https:\/\/clickshopbrasil.com\/es\/wp-json\/wp\/v2\/pages\/8241","targetHints":{"allow":["GET"]}}],"collection":[{"href":"https:\/\/clickshopbrasil.com\/es\/wp-json\/wp\/v2\/pages"}],"about":[{"href":"https:\/\/clickshopbrasil.com\/es\/wp-json\/wp\/v2\/types\/page"}],"author":[{"embeddable":true,"href":"https:\/\/clickshopbrasil.com\/es\/wp-json\/wp\/v2\/users\/2"}],"replies":[{"embeddable":true,"href":"https:\/\/clickshopbrasil.com\/es\/wp-json\/wp\/v2\/comments?post=8241"}],"version-history":[{"count":1,"href":"https:\/\/clickshopbrasil.com\/es\/wp-json\/wp\/v2\/pages\/8241\/revisions"}],"predecessor-version":[{"id":8578,"href":"https:\/\/clickshopbrasil.com\/es\/wp-json\/wp\/v2\/pages\/8241\/revisions\/8578"}],"wp:attachment":[{"href":"https:\/\/clickshopbrasil.com\/es\/wp-json\/wp\/v2\/media?parent=8241"}],"curies":[{"name":"wp","href":"https:\/\/api.w.org\/{rel}","templated":true}]}}