{"id":8321,"date":"2023-08-22T18:48:02","date_gmt":"2023-08-22T21:48:02","guid":{"rendered":"https:\/\/cgt7anelqa.wpdns.site\/?page_id=8321"},"modified":"2023-09-18T14:27:38","modified_gmt":"2023-09-18T14:27:38","slug":"politica-de-cookies","status":"publish","type":"page","link":"https:\/\/clickshopbrasil.com\/es\/politica-de-cookies\/","title":{"rendered":"Pol\u00edtica de cookies"},"content":{"rendered":"<p>\u00daltima actualizaci\u00f3n: 22 de agosto de 2023<\/p>\n\n\n\n<p>En Click Shop Brasil nos tomamos muy en serio su privacidad y creemos en la transparencia al informarle sobre c\u00f3mo usamos su informaci\u00f3n. Esta Pol\u00edtica de Cookies explica qu\u00e9 son las cookies, c\u00f3mo las usamos en nuestro sitio web y su funci\u00f3n.<\/p>\n\n\n\n<h3 class=\"wp-block-heading\">1. \u00bfQu\u00e9 son las cookies?<\/h3>\n\n\n\n<p>Las cookies son peque\u00f1os archivos de texto que los sitios web, las aplicaciones, los medios en l\u00ednea y los anuncios almacenan en su navegador o dispositivo. Permiten que los sitios web almacenen informaci\u00f3n como las preferencias del usuario para que funcionen eficientemente y proporcionen informaci\u00f3n a sus propietarios.<\/p>\n\n\n\n<h3 class=\"wp-block-heading\">2. \u00bfC\u00f3mo utiliza Click Shop Brasil las cookies?<\/h3>\n\n\n\n<p>Utilizamos cookies para diversos fines:<\/p>\n\n\n\n<ul class=\"wp-block-list\">\n<li><strong>Cookies requeridas:<\/strong> Estas cookies son esenciales para proporcionar los servicios disponibles a trav\u00e9s de nuestro sitio web y para permitirle utilizar algunas de sus funciones.<\/li>\n\n\n\n<li><strong>Cookies de rendimiento:<\/strong> Estas cookies recopilan informaci\u00f3n sobre c\u00f3mo los visitantes utilizan nuestro sitio web, como qu\u00e9 p\u00e1ginas visitan con m\u00e1s frecuencia y si reciben mensajes de error. Estas cookies se utilizan \u00fanicamente para mejorar el rendimiento del sitio web.<\/li>\n\n\n\n<li><strong>Cookies de funcionalidad:<\/strong> Estas cookies permiten que nuestro sitio web recuerde las elecciones que ha realizado en el pasado, como el idioma seleccionado o la regi\u00f3n en la que se encuentra.<\/li>\n\n\n\n<li><strong>Cookies de terceros:<\/strong> Algunas cookies de nuestro sitio web son instaladas por terceros, como Google. Estos pueden usar cookies para rastrear c\u00f3mo utiliza el sitio web o para personalizar la publicidad que se le muestre en otros sitios web.<\/li>\n<\/ul>\n\n\n\n<h3 class=\"wp-block-heading\">3. Google AdSense y cookies de terceros<\/h3>\n\n\n\n<p>Trabajamos con Google AdSense para mostrar anuncios en nuestro sitio web. Pueden usar cookies y tecnolog\u00edas similares para recopilar informaci\u00f3n sobre tu interacci\u00f3n con el contenido y los anuncios mostrados. Esto permite personalizar los anuncios seg\u00fan tus intereses.<\/p>\n\n\n\n<h3 class=\"wp-block-heading\">4. C\u00f3mo controlar o eliminar las cookies<\/h3>\n\n\n\n<p>Si lo desea, puede configurar su navegador para eliminar o rechazar las cookies. Recuerde que al eliminar o rechazar nuestras cookies, podr\u00eda afectar la disponibilidad y funcionalidad de nuestro sitio web. Para obtener m\u00e1s informaci\u00f3n sobre c\u00f3mo hacerlo y sobre las cookies en general, visite [direcci\u00f3n del sitio web]. <a href=\"http:\/\/www.allaboutcookies.org\/\" target=\"_blank\" rel=\"noopener\">www.allaboutcookies.org<\/a>.<\/p>\n\n\n\n<h3 class=\"wp-block-heading\">5. Actualizaciones de la Pol\u00edtica de Cookies<\/h3>\n\n\n\n<p>Podemos actualizar esta Pol\u00edtica de Cookies peri\u00f3dicamente en respuesta a cambios en la legislaci\u00f3n, las pr\u00e1cticas y la naturaleza de los servicios que ofrecemos. Cada vez que modifiquemos la pol\u00edtica, actualizaremos la fecha de &quot;\u00daltima actualizaci\u00f3n&quot; en la parte superior de esta p\u00e1gina. Por lo tanto, le recomendamos que consulte esta Pol\u00edtica de Cookies peri\u00f3dicamente.<\/p>\n\n\n\n<h3 class=\"wp-block-heading\">6. Contacto<\/h3>\n\n\n\n<p>Si tiene alguna pregunta sobre nuestra Pol\u00edtica de Cookies, p\u00f3ngase en contacto con nosotros por correo electr\u00f3nico [<a href=\"mailto:email@clickshopbrasil.com\">correo electr\u00f3nico@clickshopbrasil.com<\/a>o a trav\u00e9s del formulario de contacto de nuestra web.<\/p>\n\n\n\n<p>\u00a1Gracias por visitar Click Shop Brasil y esperamos que encuentre la informaci\u00f3n que busca con nosotros!<\/p>","protected":false},"excerpt":{"rendered":"<p>\u00daltima atualiza\u00e7\u00e3o: 22 de agosto de 2023 O Click Shop Brasil leva sua privacidade a s\u00e9rio e acredita na transpar\u00eancia ao informar como usamos suas informa\u00e7\u00f5es. Esta Pol\u00edtica de Cookies explica o que s\u00e3o cookies, como os usamos em nosso site e qual \u00e9 a sua fun\u00e7\u00e3o. 1. O que s\u00e3o cookies? Cookies s\u00e3o pequenos [&hellip;]<\/p>","protected":false},"author":2,"featured_media":0,"parent":0,"menu_order":0,"comment_status":"closed","ping_status":"closed","template":"","meta":{"footnotes":""},"class_list":["post-8321","page","type-page","status-publish","hentry"],"blocksy_meta":[],"_links":{"self":[{"href":"https:\/\/clickshopbrasil.com\/es\/wp-json\/wp\/v2\/pages\/8321","targetHints":{"allow":["GET"]}}],"collection":[{"href":"https:\/\/clickshopbrasil.com\/es\/wp-json\/wp\/v2\/pages"}],"about":[{"href":"https:\/\/clickshopbrasil.com\/es\/wp-json\/wp\/v2\/types\/page"}],"author":[{"embeddable":true,"href":"https:\/\/clickshopbrasil.com\/es\/wp-json\/wp\/v2\/users\/2"}],"replies":[{"embeddable":true,"href":"https:\/\/clickshopbrasil.com\/es\/wp-json\/wp\/v2\/comments?post=8321"}],"version-history":[{"count":1,"href":"https:\/\/clickshopbrasil.com\/es\/wp-json\/wp\/v2\/pages\/8321\/revisions"}],"predecessor-version":[{"id":8574,"href":"https:\/\/clickshopbrasil.com\/es\/wp-json\/wp\/v2\/pages\/8321\/revisions\/8574"}],"wp:attachment":[{"href":"https:\/\/clickshopbrasil.com\/es\/wp-json\/wp\/v2\/media?parent=8321"}],"curies":[{"name":"wp","href":"https:\/\/api.w.org\/{rel}","templated":true}]}}