{"id":8817,"date":"2024-05-14T19:58:55","date_gmt":"2024-05-14T19:58:55","guid":{"rendered":"https:\/\/cgt7anelqa.wpdns.site\/?page_id=8817"},"modified":"2024-05-14T19:59:25","modified_gmt":"2024-05-14T19:59:25","slug":"aplicativos-pra-saber-quem-visitou-meu-instagram-lp","status":"publish","type":"page","link":"https:\/\/clickshopbrasil.com\/es\/aplicativos-pra-saber-quem-visitou-meu-instagram-lp\/","title":{"rendered":"\u00bfQui\u00e9n visit\u00f3 mi perfil de Instagram? \u00a1Desc\u00fabrelo ahora!"},"content":{"rendered":"<div style=\"height:10px\" aria-hidden=\"true\" class=\"wp-block-spacer\"><\/div>\n\n\n\n<div class=\"wp-block-media-text is-stacked-on-mobile has-palette-color-7-background-color has-background\" style=\"grid-template-columns:37% auto\"><figure class=\"wp-block-media-text__media\"><a href=\"http:\/\/clickshopbrasil.com\/es\/aplicativos\/aplicativos-para-saber-quem-visitou-seu-instagram\/\"><img decoding=\"async\" src=\"https:\/\/materiasdodia.com\/wp-content\/uploads\/2024\/04\/Aplicativo-pra-saber-quem-visitou-seu-perfil-2.jpg\" alt=\"\" class=\"wp-image-1485 size-full\"\/><\/a><\/figure><div class=\"wp-block-media-text__content\">\n<p style=\"font-size:clamp(14px, 0.875rem + ((1vw - 3.2px) * 0.391), 19px);\"><strong>\u00bfQuieres saber qui\u00e9n visit\u00f3 tu perfil de Instagram?<\/strong><\/p>\n\n\n\n<p>Ent\u00e9rate ahora y mantente informado sobre qui\u00e9n est\u00e1 viendo tu contenido.<\/p>\n\n\n\n<div class=\"wp-block-buttons is-content-justification-center is-layout-flex wp-container-core-buttons-is-layout-a89b3969 wp-block-buttons-is-layout-flex\">\n<div class=\"wp-block-button has-custom-width wp-block-button__width-100 has-custom-font-size blob has-medium-font-size\"><a class=\"wp-block-button__link has-background has-text-align-center wp-element-button\" href=\"http:\/\/clickshopbrasil.com\/es\/aplicativos\/aplicativos-para-saber-quem-visitou-seu-instagram\/\" style=\"border-radius:50px;background-color:#019548;padding-top:var(--wp--preset--spacing--30);padding-right:var(--wp--preset--spacing--50);padding-bottom:var(--wp--preset--spacing--30);padding-left:var(--wp--preset--spacing--50)\"><strong>Quiero saber m\u00e1s.<\/strong><\/a><\/div>\n<\/div>\n\n\n\n<p class=\"has-text-align-center\" style=\"margin-top:var(--wp--preset--spacing--20);font-size:12px\">Permanecer\u00e1s en el mismo sitio web.<\/p>\n<\/div><\/div>\n\n\n\n<div style=\"height:10px\" aria-hidden=\"true\" class=\"wp-block-spacer\"><\/div>\n\n\n\n<p>\u00bfTe interesa saber qui\u00e9n ve tu perfil de Instagram? \u00a1Tenemos apps que te lo dicen!&nbsp;<strong><a href=\"https:\/\/chat.team-gpt.com\/agencia-metric\/6643bf7db91db295a251695f#\" target=\"_blank\" rel=\"noreferrer noopener\">Descubre ahora mismo qui\u00e9n visita tu p\u00e1gina.<\/a>!<\/strong><\/p>\n\n\n\n<p>Descubre a qui\u00e9n le interesa lo que publicas y conoce a quienes visitan tu perfil. Nuestras recomendaciones de apps te ayudar\u00e1n a saber qui\u00e9n te sigue y qui\u00e9n visita tu perfil.<\/p>\n\n\n\n<p>Si quieres saber qui\u00e9n ha visitado tu perfil cuanto antes, \u00a1no esperes m\u00e1s! Descarga una de las apps que recomendamos y empieza a monitorizar.<\/p>\n\n\n\n<div style=\"height:10px\" aria-hidden=\"true\" class=\"wp-block-spacer\"><\/div>\n\n\n\n<div class=\"wp-block-buttons is-content-justification-center is-layout-flex wp-container-core-buttons-is-layout-a89b3969 wp-block-buttons-is-layout-flex\">\n<div class=\"wp-block-button has-custom-width wp-block-button__width-100 has-custom-font-size blob has-medium-font-size\"><a class=\"wp-block-button__link has-background has-text-align-center wp-element-button\" href=\"http:\/\/clickshopbrasil.com\/es\/aplicativos\/aplicativos-para-saber-quem-visitou-seu-instagram\/\" style=\"border-radius:30px;background-color:#019548;padding-top:var(--wp--preset--spacing--30);padding-right:var(--wp--preset--spacing--50);padding-bottom:var(--wp--preset--spacing--30);padding-left:var(--wp--preset--spacing--50)\"><strong>Descubre aqu\u00ed<\/strong><\/a><\/div>\n<\/div>\n\n\n\n<p class=\"has-text-align-center\" style=\"margin-top:0;font-size:12px\">Permanecer\u00e1s en el mismo sitio web.<\/p>\n\n\n\n<div style=\"height:30px\" aria-hidden=\"true\" class=\"wp-block-spacer\"><\/div>\n\n\n\n<h2 class=\"wp-block-heading\" id=\"h-beneficios\">Beneficios<\/h2>\n\n\n\n<div class=\"wp-block-columns is-layout-flex wp-container-core-columns-is-layout-28f84493 wp-block-columns-is-layout-flex\">\n<div class=\"wp-block-column is-layout-flow wp-block-column-is-layout-flow\">\n<div class=\"wp-block-media-text has-palette-color-7-background-color has-background\" style=\"padding-top:var(--wp--preset--spacing--30);padding-right:var(--wp--preset--spacing--40);padding-bottom:var(--wp--preset--spacing--30);padding-left:var(--wp--preset--spacing--40);grid-template-columns:15% auto\"><figure class=\"wp-block-media-text__media\"><img decoding=\"async\" src=\"https:\/\/eucurioso.com.br\/wp-content\/uploads\/2023\/11\/icon1.svg\" alt=\"\" class=\"wp-image-2234 size-full\"\/><\/figure><div class=\"wp-block-media-text__content\">\n<p class=\"has-medium-font-size\"><strong>M\u00e1s informaci\u00f3n sobre los seguidores<\/strong><\/p>\n\n\n\n<p style=\"font-size:clamp(14px, 0.875rem + ((1vw - 3.2px) * 0.234), 17px);\">Descubre a qui\u00e9n realmente le gustan y sigue tus publicaciones.<\/p>\n<\/div><\/div>\n<\/div>\n\n\n\n<div class=\"wp-block-column is-layout-flow wp-block-column-is-layout-flow\">\n<div class=\"wp-block-media-text has-palette-color-7-background-color has-background\" style=\"padding-top:var(--wp--preset--spacing--30);padding-right:var(--wp--preset--spacing--40);padding-bottom:var(--wp--preset--spacing--30);padding-left:var(--wp--preset--spacing--40);grid-template-columns:15% auto\"><figure class=\"wp-block-media-text__media\"><img decoding=\"async\" src=\"https:\/\/eucurioso.com.br\/wp-content\/uploads\/2023\/11\/icon1.svg\" alt=\"\" class=\"wp-image-2234 size-full\"\/><\/figure><div class=\"wp-block-media-text__content\">\n<p class=\"has-medium-font-size\"><strong>Notificaciones de visitas<\/strong><\/p>\n\n\n\n<p style=\"font-size:clamp(14px, 0.875rem + ((1vw - 3.2px) * 0.234), 17px);\">Descubra cu\u00e1ndo alguien interact\u00faa con su perfil.<\/p>\n<\/div><\/div>\n<\/div>\n\n\n\n<div class=\"wp-block-column is-layout-flow wp-block-column-is-layout-flow\">\n<div class=\"wp-block-media-text has-palette-color-7-background-color has-background\" style=\"padding-top:var(--wp--preset--spacing--30);padding-right:var(--wp--preset--spacing--40);padding-bottom:var(--wp--preset--spacing--30);padding-left:var(--wp--preset--spacing--40);grid-template-columns:15% auto\"><figure class=\"wp-block-media-text__media\"><img decoding=\"async\" src=\"https:\/\/eucurioso.com.br\/wp-content\/uploads\/2023\/11\/icon1.svg\" alt=\"\" class=\"wp-image-2234 size-full\"\/><\/figure><div class=\"wp-block-media-text__content\">\n<p class=\"has-medium-font-size\"><strong>Control de seguidores<\/strong><\/p>\n\n\n\n<p style=\"font-size:clamp(14px, 0.875rem + ((1vw - 3.2px) * 0.234), 17px);\">Vea qui\u00e9n comenz\u00f3 o dej\u00f3 de seguirlo y otros cambios en su lista de seguidores.<\/p>\n<\/div><\/div>\n<\/div>\n<\/div>\n\n\n\n<div style=\"height:30px\" aria-hidden=\"true\" class=\"wp-block-spacer\"><\/div>\n\n\n\n<h2 class=\"wp-block-heading\">Testimonios<\/h2>\n\n\n\n<blockquote class=\"wp-block-quote is-layout-flow wp-block-quote-is-layout-flow\" style=\"font-size:clamp(14px, 0.875rem + ((1vw - 3.2px) * 0.078), 15px);\">\n<p style=\"font-size:clamp(14px, 0.875rem + ((1vw - 3.2px) * 0.234), 17px);\">Ten\u00eda muchas ganas de saber qui\u00e9n ve\u00eda mi Instagram. \u00a1Con esta app lo pude averiguar!<\/p>\n<cite><em><strong>Juliana Torres<\/strong><\/em><\/cite><\/blockquote>\n\n\n\n<blockquote class=\"wp-block-quote is-layout-flow wp-block-quote-is-layout-flow\" style=\"font-size:clamp(14px, 0.875rem + ((1vw - 3.2px) * 0.078), 15px);\">\n<p style=\"font-size:clamp(14px, 0.875rem + ((1vw - 3.2px) * 0.234), 17px);\">Esta aplicaci\u00f3n me mostr\u00f3 personas que nunca imagin\u00e9 que ver\u00edan mis fotos.<\/p>\n<cite><em><strong>M\u00e1rcio Gomes<\/strong><\/em><\/cite><\/blockquote>\n\n\n\n<blockquote class=\"wp-block-quote is-layout-flow wp-block-quote-is-layout-flow\" style=\"font-size:clamp(14px, 0.875rem + ((1vw - 3.2px) * 0.078), 15px);\">\n<p style=\"font-size:clamp(14px, 0.875rem + ((1vw - 3.2px) * 0.234), 17px);\">Como alguien que publica mucho, fue genial poder comprender mejor qui\u00e9n me sigue.<\/p>\n<cite><em><strong>Ana Clara<\/strong><\/em><\/cite><\/blockquote>\n\n\n\n<blockquote class=\"wp-block-quote is-layout-flow wp-block-quote-is-layout-flow\" style=\"font-size:clamp(14px, 0.875rem + ((1vw - 3.2px) * 0.078), 15px);\">\n<p style=\"font-size:clamp(14px, 0.875rem + ((1vw - 3.2px) * 0.234), 17px);\">Consegu\u00ed organizar mejor a mis seguidores con los consejos que proporciona la aplicaci\u00f3n.<\/p>\n<cite><em><strong>Felipe Souza<\/strong><\/em><\/cite><\/blockquote>\n\n\n\n<blockquote class=\"wp-block-quote is-layout-flow wp-block-quote-is-layout-flow\" style=\"font-size:clamp(14px, 0.875rem + ((1vw - 3.2px) * 0.078), 15px);\">\n<p style=\"font-size:clamp(14px, 0.875rem + ((1vw - 3.2px) * 0.234), 17px);\">No cre\u00eda en esas aplicaciones, pero esta me dio informaci\u00f3n que me ayud\u00f3 mucho.<\/p>\n<cite><em><strong>Larissa Ribeiro<\/strong><\/em><\/cite><\/blockquote>\n\n\n\n<div style=\"height:20px\" aria-hidden=\"true\" class=\"wp-block-spacer\"><\/div>\n\n\n\n<div class=\"wp-block-buttons is-content-justification-center is-layout-flex wp-container-core-buttons-is-layout-a89b3969 wp-block-buttons-is-layout-flex\">\n<div class=\"wp-block-button has-custom-width wp-block-button__width-100 has-custom-font-size blob has-medium-font-size\"><a class=\"wp-block-button__link has-background has-text-align-center wp-element-button\" href=\"http:\/\/clickshopbrasil.com\/es\/aplicativos\/aplicativos-para-saber-quem-visitou-seu-instagram\/\" style=\"border-radius:30px;background-color:#019548;padding-top:var(--wp--preset--spacing--30);padding-right:var(--wp--preset--spacing--50);padding-bottom:var(--wp--preset--spacing--30);padding-left:var(--wp--preset--spacing--50)\"><strong>Descubre aqu\u00ed<\/strong><\/a><\/div>\n<\/div>\n\n\n\n<p class=\"has-text-align-center\" style=\"margin-top:0;font-size:12px\">Permanecer\u00e1s en el mismo sitio web.<\/p>\n\n\n\n<div style=\"height:30px\" aria-hidden=\"true\" class=\"wp-block-spacer\"><\/div>\n\n\n\n<h2 class=\"wp-block-heading\" id=\"h-perguntas-frequentes\">Preguntas frecuentes<\/h2>\n\n\n\n<div class=\"wp-block-columns is-layout-flex wp-container-core-columns-is-layout-28f84493 wp-block-columns-is-layout-flex\">\n<div class=\"wp-block-column is-layout-flow wp-block-column-is-layout-flow\">\n<p><strong><strong>Instagram me dice qui\u00e9n vio mi perfil.<\/strong>?<\/strong><\/p>\n\n\n\n<hr class=\"wp-block-separator has-text-color has-palette-color-5-color has-alpha-channel-opacity has-palette-color-5-background-color has-background is-style-wide\"\/>\n\n\n\n<p>No, Instagram en s\u00ed no lo muestra, pero algunas aplicaciones pueden darte ideas seg\u00fan qui\u00e9n interact\u00faa contigo.<\/p>\n<\/div>\n<\/div>\n\n\n\n<div class=\"wp-block-columns is-layout-flex wp-container-core-columns-is-layout-28f84493 wp-block-columns-is-layout-flex\">\n<div class=\"wp-block-column is-layout-flow wp-block-column-is-layout-flow\">\n<p><strong><strong>\u00bfPuedo confiar en estas aplicaciones que muestran qui\u00e9n visit\u00f3 mi perfil?<\/strong><\/strong><\/p>\n\n\n\n<hr class=\"wp-block-separator has-text-color has-palette-color-5-color has-alpha-channel-opacity has-palette-color-5-background-color has-background is-style-wide\"\/>\n\n\n\n<p>Antes de descargar, vea lo que dicen otras personas y comprenda que siempre existe un riesgo.<\/p>\n<\/div>\n<\/div>\n\n\n\n<div class=\"wp-block-columns is-layout-flex wp-container-core-columns-is-layout-28f84493 wp-block-columns-is-layout-flex\">\n<div class=\"wp-block-column is-layout-flow wp-block-column-is-layout-flow\">\n<p><strong><strong>\u00bfEstas aplicaciones son gratuitas?<\/strong><\/strong><\/p>\n\n\n\n<hr class=\"wp-block-separator has-text-color has-palette-color-5-color has-alpha-channel-opacity has-palette-color-5-background-color has-background is-style-wide\"\/>\n\n\n\n<p>Hay aplicaciones gratuitas, pero a veces hay que pagar para obtener funciones adicionales.<\/p>\n<\/div>\n<\/div>\n\n\n\n<div class=\"wp-block-columns is-layout-flex wp-container-core-columns-is-layout-28f84493 wp-block-columns-is-layout-flex\">\n<div class=\"wp-block-column is-layout-flow wp-block-column-is-layout-flow\">\n<p><strong><strong>\u00bfC\u00f3mo saben estas aplicaciones qui\u00e9n visit\u00f3 mi perfil?<\/strong><\/strong><\/p>\n\n\n\n<hr class=\"wp-block-separator has-text-color has-palette-color-5-color has-alpha-channel-opacity has-palette-color-5-background-color has-background is-style-wide\"\/>\n\n\n\n<p>Miran tu perfil y crean una lista seg\u00fan qui\u00e9n interact\u00faa m\u00e1s y otros m\u00e9todos.<\/p>\n<\/div>\n<\/div>\n\n\n\n<div class=\"wp-block-columns is-layout-flex wp-container-core-columns-is-layout-28f84493 wp-block-columns-is-layout-flex\">\n<div class=\"wp-block-column is-layout-flow wp-block-column-is-layout-flow\">\n<p><strong><strong>\u00bfTengo que dar mi contrase\u00f1a de Instagram para usar estas aplicaciones?<\/strong><\/strong><\/p>\n\n\n\n<hr class=\"wp-block-separator has-text-color has-palette-color-5-color has-alpha-channel-opacity has-palette-color-5-background-color has-background is-style-wide\"\/>\n\n\n\n<p>No compartas tu contrase\u00f1a. Opta por aplicaciones que no requieran iniciar sesi\u00f3n en Instagram.<\/p>\n<\/div>\n<\/div>\n\n\n\n<div class=\"wp-block-columns is-layout-flex wp-container-core-columns-is-layout-28f84493 wp-block-columns-is-layout-flex\">\n<div class=\"wp-block-column is-layout-flow wp-block-column-is-layout-flow\">\n<p><strong><strong>\u00bfPodr\u00eda bloquearse mi cuenta de Instagram si uso estas aplicaciones?<\/strong><\/strong><\/p>\n\n\n\n<hr class=\"wp-block-separator has-text-color has-palette-color-5-color has-alpha-channel-opacity has-palette-color-5-background-color has-background is-style-wide\"\/>\n\n\n\n<p>Si la aplicaci\u00f3n no sigue las reglas de Instagram, s\u00ed, podr\u00eda hacerlo. Ten cuidado al usarla.<\/p>\n<\/div>\n<\/div>\n\n\n\n<div class=\"wp-block-columns is-layout-flex wp-container-core-columns-is-layout-28f84493 wp-block-columns-is-layout-flex\">\n<div class=\"wp-block-column is-layout-flow wp-block-column-is-layout-flow\">\n<p><strong><strong>\u00bfC\u00f3mo mantengo mi perfil seguro usando estas aplicaciones?<\/strong><\/strong><\/p>\n\n\n\n<hr class=\"wp-block-separator has-text-color has-palette-color-5-color has-alpha-channel-opacity has-palette-color-5-background-color has-background is-style-wide\"\/>\n\n\n\n<p>Agregue una capa adicional de verificaci\u00f3n y lea atentamente los t\u00e9rminos de privacidad de las aplicaciones antes de usarlas.<\/p>\n<\/div>\n<\/div>\n\n\n\n<div style=\"height:30px\" aria-hidden=\"true\" class=\"wp-block-spacer\"><\/div>\n\n\n\n<style>\r\n.bloco-main {\r\n    gap: 0px !important\r\n}\r\n.entry-title {\r\n    text-align: center;\r\n}\r\n.entry-content:not(:first-child) {\r\n    margin-top: 20px;\r\n}\r\n@media (max-width: 768px) {\r\n    .separate-containers .inside-article, .separate-containers .comments-area, .separate-containers .page-header, .separate-containers .paging-navigation, .one-container .site-content, .inside-page-header {\r\n        padding: 0px 20px 20px 20px !important;\r\n    }\r\n}\r\n.separate-containers .site-main {\r\n    margin: 15px;\r\n}\r\n.blob {\r\n\ttransform: scale(1);\r\n\tanimation: pulse 1.5s infinite;\r\n}\r\n\r\n@keyframes pulse {\r\n\t0% {\r\n\t\ttransform: scale(0.95);\r\n\t}\r\n\r\n\t70% {\r\n\t\ttransform: scale(1);\r\n\t}\r\n\r\n\t100% {\r\n\t\ttransform: scale(0.95);\r\n\t}\r\n}\r\n\r\n.wp-block-quote:not(.is-style-plain):not(.has-text-align-center):not(.has-text-align-right) {\r\n    border-inline-start: 4px solid #019548;\r\n}\r\n\r\n.wp-block-separator:not(.is-style-dots) {\r\n    height: 1px;\r\n}\r\n@media (max-width: 600px) {\r\n.wp-block-media-text.is-stacked-on-mobile {\r\n    padding: 10px !important;\r\n}\r\n}\r\n\r\n.wp-block-media-text__media img, .wp-block-media-text__media video {\r\n    border-radius: 30px !important;\r\n}\r\nhr {\r\n    margin-bottom: 10px;\r\n    margin-top: 10px;\r\n}\r\n<\/style>","protected":false},"excerpt":{"rendered":"<p>Tem curiosidade de saber quem olha seu perfil no Instagram? Temos aplicativos que podem te contar isso!&nbsp;Descubra agora mesmo quem visita sua p\u00e1gina! Entenda quem se interessa pelo que voc\u00ea posta e conhe\u00e7a as pessoas que visitam seu perfil. Nossas dicas de aplicativos ajudam voc\u00ea a saber mais sobre quem te segue e quem te [&hellip;]<\/p>","protected":false},"author":2,"featured_media":0,"parent":0,"menu_order":0,"comment_status":"closed","ping_status":"closed","template":"","meta":{"footnotes":""},"class_list":["post-8817","page","type-page","status-publish","hentry"],"blocksy_meta":{"page_structure_type":"type-3","has_hero_section":"enabled","hero_alignment1":{"desktop":"center","tablet":"center","mobile":"center"},"pageTitleFont":{"family":"Default","variation":"Default","size":{"desktop":"25px","tablet":"25px","mobile":"25px"},"line-height":"CT_CSS_SKIP_RULE","letter-spacing":"CT_CSS_SKIP_RULE","text-transform":"CT_CSS_SKIP_RULE","text-decoration":"CT_CSS_SKIP_RULE"},"styles_descriptor":{"styles":{"desktop":"[data-prefix=\"single_page\"] .entry-header .page-title {--theme-font-size:25px;} [data-prefix=\"single_page\"] .entry-header .entry-meta {--theme-font-weight:600;--theme-text-transform:uppercase;--theme-font-size:12px;--theme-line-height:1.3;} [data-prefix=\"single_page\"] .hero-section[data-type=\"type-1\"] {--alignment:center;}","tablet":"","mobile":""},"google_fonts":{"Poppins":["n4","n6"]},"version":6}},"_links":{"self":[{"href":"https:\/\/clickshopbrasil.com\/es\/wp-json\/wp\/v2\/pages\/8817","targetHints":{"allow":["GET"]}}],"collection":[{"href":"https:\/\/clickshopbrasil.com\/es\/wp-json\/wp\/v2\/pages"}],"about":[{"href":"https:\/\/clickshopbrasil.com\/es\/wp-json\/wp\/v2\/types\/page"}],"author":[{"embeddable":true,"href":"https:\/\/clickshopbrasil.com\/es\/wp-json\/wp\/v2\/users\/2"}],"replies":[{"embeddable":true,"href":"https:\/\/clickshopbrasil.com\/es\/wp-json\/wp\/v2\/comments?post=8817"}],"version-history":[{"count":1,"href":"https:\/\/clickshopbrasil.com\/es\/wp-json\/wp\/v2\/pages\/8817\/revisions"}],"predecessor-version":[{"id":8823,"href":"https:\/\/clickshopbrasil.com\/es\/wp-json\/wp\/v2\/pages\/8817\/revisions\/8823"}],"wp:attachment":[{"href":"https:\/\/clickshopbrasil.com\/es\/wp-json\/wp\/v2\/media?parent=8817"}],"curies":[{"name":"wp","href":"https:\/\/api.w.org\/{rel}","templated":true}]}}